{"id":30,"date":"2024-09-14T14:28:02","date_gmt":"2024-09-14T14:28:02","guid":{"rendered":"https:\/\/eloquent-sinoussi.176-9-1-208.plesk.page\/?page_id=30"},"modified":"2026-03-12T19:33:29","modified_gmt":"2026-03-12T19:33:29","slug":"impressum","status":"publish","type":"page","link":"https:\/\/www.d-pleis.de\/index.php\/impressum\/","title":{"rendered":"Impressum"},"content":{"rendered":"\t\t<div data-elementor-type=\"wp-page\" data-elementor-id=\"30\" class=\"elementor elementor-30\">\n\t\t\t\t<div class=\"elementor-element elementor-element-6c23eae1 e-con-full e-flex e-con e-parent\" data-id=\"6c23eae1\" data-element_type=\"container\" data-settings=\"{&quot;background_background&quot;:&quot;classic&quot;}\">\n\t\t<div class=\"elementor-element elementor-element-f9f48de e-con-full e-flex elementor-invisible e-con e-child\" data-id=\"f9f48de\" data-element_type=\"container\" data-settings=\"{&quot;animation&quot;:&quot;fadeInUp&quot;}\">\n\t\t\t\t<div class=\"elementor-element elementor-element-5351b8c2 elementor-widget elementor-widget-heading\" data-id=\"5351b8c2\" data-element_type=\"widget\" data-widget_type=\"heading.default\">\n\t\t\t\t<div class=\"elementor-widget-container\">\n\t\t\t<h6 class=\"elementor-heading-title elementor-size-default\">Impressum<\/h6>\t\t<\/div>\n\t\t\t\t<\/div>\n\t\t\t\t<div class=\"elementor-element elementor-element-3f0dea0 elementor-widget elementor-widget-text-editor\" data-id=\"3f0dea0\" data-element_type=\"widget\" data-widget_type=\"text-editor.default\">\n\t\t\t\t<div class=\"elementor-widget-container\">\n\t\t\t\t\t\t\t<p>IMPRESSUM<\/p>\n<p>Website<\/p>\n<p>Dieses Impressum gilt f\u00fcr alle Angebote unter der Domain www.d-pleis.de inklusive aller<\/p>\n<p>Subdomains (Unterseiten).<\/p>\n<p>Angaben gem\u00e4\u00df \u00a7 5 DDG<\/p>\n<p>Dirk Pleis<\/p>\n<p>Bremer Str. 26<\/p>\n<p>26789 Leer<\/p>\n<p>Telefon: 01725120629<\/p>\n<p>E-Mail: info@d-pleis.de<\/p>\n<p>Umsatzsteuer-Identifikationsnummer<\/p>\n<p>DE367676362<\/p>\n<p>Vertretungsberechtigte Personen<\/p>\n<p>Dirk Pleis, Inhaber<\/p>\n<p>G\u00fcltigkeit<\/p>\n<p>Dieses Impressum gilt ab dem 12. M\u00e4rz 2026.<\/p>\t\t\t\t\t\t<\/div>\n\t\t\t\t<\/div>\n\t\t\t\t<\/div>\n\t\t\t\t<\/div>\n\t\t\t\t<\/div>\n\t\t","protected":false},"excerpt":{"rendered":"<p>Impressum IMPRESSUM Website Dieses Impressum gilt f\u00fcr alle Angebote unter der Domain www.d-pleis.de inklusive aller Subdomains (Unterseiten). Angaben gem\u00e4\u00df \u00a7 5 DDG Dirk Pleis Bremer Str. 26 26789 Leer Telefon: 01725120629 E-Mail: info@d-pleis.de Umsatzsteuer-Identifikationsnummer DE367676362 Vertretungsberechtigte Personen Dirk Pleis, Inhaber G\u00fcltigkeit Dieses Impressum gilt ab dem 12. M\u00e4rz 2026.<\/p>\n","protected":false},"author":1,"featured_media":0,"parent":0,"menu_order":0,"comment_status":"closed","ping_status":"closed","template":"","meta":{"neve_meta_sidebar":"","neve_meta_container":"","neve_meta_enable_content_width":"","neve_meta_content_width":0,"neve_meta_title_alignment":"","neve_meta_author_avatar":"","neve_post_elements_order":"","neve_meta_disable_header":"","neve_meta_disable_footer":"","neve_meta_disable_title":"","footnotes":""},"class_list":["post-30","page","type-page","status-publish","hentry"],"yoast_head":"<!-- This site is optimized with the Yoast SEO plugin v23.9 - https:\/\/yoast.com\/wordpress\/plugins\/seo\/ -->\n<title>Impressum - Dirk Pleis Energieberatung<\/title>\n<meta name=\"robots\" content=\"index, follow, max-snippet:-1, max-image-preview:large, max-video-preview:-1\" \/>\n<link rel=\"canonical\" href=\"https:\/\/www.d-pleis.de\/index.php\/impressum\/\" \/>\n<meta property=\"og:locale\" content=\"de_DE\" \/>\n<meta property=\"og:type\" content=\"article\" \/>\n<meta property=\"og:title\" content=\"Impressum - Dirk Pleis Energieberatung\" \/>\n<meta property=\"og:description\" content=\"Impressum IMPRESSUM Website Dieses Impressum gilt f\u00fcr alle Angebote unter der Domain www.d-pleis.de inklusive aller Subdomains (Unterseiten). Angaben gem\u00e4\u00df \u00a7 5 DDG Dirk Pleis Bremer Str. 26 26789 Leer Telefon: 01725120629 E-Mail: info@d-pleis.de Umsatzsteuer-Identifikationsnummer DE367676362 Vertretungsberechtigte Personen Dirk Pleis, Inhaber G\u00fcltigkeit Dieses Impressum gilt ab dem 12. M\u00e4rz 2026.\" \/>\n<meta property=\"og:url\" content=\"https:\/\/www.d-pleis.de\/index.php\/impressum\/\" \/>\n<meta property=\"og:site_name\" content=\"Dirk Pleis Energieberatung\" \/>\n<meta property=\"article:modified_time\" content=\"2026-03-12T19:33:29+00:00\" \/>\n<meta name=\"twitter:card\" content=\"summary_large_image\" \/>\n<meta name=\"twitter:label1\" content=\"Gesch\u00e4tzte Lesezeit\" \/>\n\t<meta name=\"twitter:data1\" content=\"1\u00a0Minute\" \/>\n<script type=\"application\/ld+json\" class=\"yoast-schema-graph\">{\"@context\":\"https:\/\/schema.org\",\"@graph\":[{\"@type\":\"WebPage\",\"@id\":\"https:\/\/www.d-pleis.de\/index.php\/impressum\/\",\"url\":\"https:\/\/www.d-pleis.de\/index.php\/impressum\/\",\"name\":\"Impressum - Dirk Pleis Energieberatung\",\"isPartOf\":{\"@id\":\"https:\/\/www.d-pleis.de\/#website\"},\"datePublished\":\"2024-09-14T14:28:02+00:00\",\"dateModified\":\"2026-03-12T19:33:29+00:00\",\"breadcrumb\":{\"@id\":\"https:\/\/www.d-pleis.de\/index.php\/impressum\/#breadcrumb\"},\"inLanguage\":\"de\",\"potentialAction\":[{\"@type\":\"ReadAction\",\"target\":[\"https:\/\/www.d-pleis.de\/index.php\/impressum\/\"]}]},{\"@type\":\"BreadcrumbList\",\"@id\":\"https:\/\/www.d-pleis.de\/index.php\/impressum\/#breadcrumb\",\"itemListElement\":[{\"@type\":\"ListItem\",\"position\":1,\"name\":\"Startseite\",\"item\":\"https:\/\/www.d-pleis.de\/\"},{\"@type\":\"ListItem\",\"position\":2,\"name\":\"Impressum\"}]},{\"@type\":\"WebSite\",\"@id\":\"https:\/\/www.d-pleis.de\/#website\",\"url\":\"https:\/\/www.d-pleis.de\/\",\"name\":\"Dirk Pleis Energieberatung\",\"description\":\"\",\"publisher\":{\"@id\":\"https:\/\/www.d-pleis.de\/#organization\"},\"potentialAction\":[{\"@type\":\"SearchAction\",\"target\":{\"@type\":\"EntryPoint\",\"urlTemplate\":\"https:\/\/www.d-pleis.de\/?s={search_term_string}\"},\"query-input\":{\"@type\":\"PropertyValueSpecification\",\"valueRequired\":true,\"valueName\":\"search_term_string\"}}],\"inLanguage\":\"de\"},{\"@type\":\"Organization\",\"@id\":\"https:\/\/www.d-pleis.de\/#organization\",\"name\":\"Dirk Pleis Energieberatung\",\"url\":\"https:\/\/www.d-pleis.de\/\",\"logo\":{\"@type\":\"ImageObject\",\"inLanguage\":\"de\",\"@id\":\"https:\/\/www.d-pleis.de\/#\/schema\/logo\/image\/\",\"url\":\"https:\/\/www.d-pleis.de\/wp-content\/uploads\/2024\/09\/cropped-DP-Logo.png\",\"contentUrl\":\"https:\/\/www.d-pleis.de\/wp-content\/uploads\/2024\/09\/cropped-DP-Logo.png\",\"width\":1187,\"height\":364,\"caption\":\"Dirk Pleis Energieberatung\"},\"image\":{\"@id\":\"https:\/\/www.d-pleis.de\/#\/schema\/logo\/image\/\"}}]}<\/script>\n<!-- \/ Yoast SEO plugin. -->","yoast_head_json":{"title":"Impressum - Dirk Pleis Energieberatung","robots":{"index":"index","follow":"follow","max-snippet":"max-snippet:-1","max-image-preview":"max-image-preview:large","max-video-preview":"max-video-preview:-1"},"canonical":"https:\/\/www.d-pleis.de\/index.php\/impressum\/","og_locale":"de_DE","og_type":"article","og_title":"Impressum - Dirk Pleis Energieberatung","og_description":"Impressum IMPRESSUM Website Dieses Impressum gilt f\u00fcr alle Angebote unter der Domain www.d-pleis.de inklusive aller Subdomains (Unterseiten). Angaben gem\u00e4\u00df \u00a7 5 DDG Dirk Pleis Bremer Str. 26 26789 Leer Telefon: 01725120629 E-Mail: info@d-pleis.de Umsatzsteuer-Identifikationsnummer DE367676362 Vertretungsberechtigte Personen Dirk Pleis, Inhaber G\u00fcltigkeit Dieses Impressum gilt ab dem 12. M\u00e4rz 2026.","og_url":"https:\/\/www.d-pleis.de\/index.php\/impressum\/","og_site_name":"Dirk Pleis Energieberatung","article_modified_time":"2026-03-12T19:33:29+00:00","twitter_card":"summary_large_image","twitter_misc":{"Gesch\u00e4tzte Lesezeit":"1\u00a0Minute"},"schema":{"@context":"https:\/\/schema.org","@graph":[{"@type":"WebPage","@id":"https:\/\/www.d-pleis.de\/index.php\/impressum\/","url":"https:\/\/www.d-pleis.de\/index.php\/impressum\/","name":"Impressum - Dirk Pleis Energieberatung","isPartOf":{"@id":"https:\/\/www.d-pleis.de\/#website"},"datePublished":"2024-09-14T14:28:02+00:00","dateModified":"2026-03-12T19:33:29+00:00","breadcrumb":{"@id":"https:\/\/www.d-pleis.de\/index.php\/impressum\/#breadcrumb"},"inLanguage":"de","potentialAction":[{"@type":"ReadAction","target":["https:\/\/www.d-pleis.de\/index.php\/impressum\/"]}]},{"@type":"BreadcrumbList","@id":"https:\/\/www.d-pleis.de\/index.php\/impressum\/#breadcrumb","itemListElement":[{"@type":"ListItem","position":1,"name":"Startseite","item":"https:\/\/www.d-pleis.de\/"},{"@type":"ListItem","position":2,"name":"Impressum"}]},{"@type":"WebSite","@id":"https:\/\/www.d-pleis.de\/#website","url":"https:\/\/www.d-pleis.de\/","name":"Dirk Pleis Energieberatung","description":"","publisher":{"@id":"https:\/\/www.d-pleis.de\/#organization"},"potentialAction":[{"@type":"SearchAction","target":{"@type":"EntryPoint","urlTemplate":"https:\/\/www.d-pleis.de\/?s={search_term_string}"},"query-input":{"@type":"PropertyValueSpecification","valueRequired":true,"valueName":"search_term_string"}}],"inLanguage":"de"},{"@type":"Organization","@id":"https:\/\/www.d-pleis.de\/#organization","name":"Dirk Pleis Energieberatung","url":"https:\/\/www.d-pleis.de\/","logo":{"@type":"ImageObject","inLanguage":"de","@id":"https:\/\/www.d-pleis.de\/#\/schema\/logo\/image\/","url":"https:\/\/www.d-pleis.de\/wp-content\/uploads\/2024\/09\/cropped-DP-Logo.png","contentUrl":"https:\/\/www.d-pleis.de\/wp-content\/uploads\/2024\/09\/cropped-DP-Logo.png","width":1187,"height":364,"caption":"Dirk Pleis Energieberatung"},"image":{"@id":"https:\/\/www.d-pleis.de\/#\/schema\/logo\/image\/"}}]}},"_links":{"self":[{"href":"https:\/\/www.d-pleis.de\/index.php\/wp-json\/wp\/v2\/pages\/30","targetHints":{"allow":["GET"]}}],"collection":[{"href":"https:\/\/www.d-pleis.de\/index.php\/wp-json\/wp\/v2\/pages"}],"about":[{"href":"https:\/\/www.d-pleis.de\/index.php\/wp-json\/wp\/v2\/types\/page"}],"author":[{"embeddable":true,"href":"https:\/\/www.d-pleis.de\/index.php\/wp-json\/wp\/v2\/users\/1"}],"replies":[{"embeddable":true,"href":"https:\/\/www.d-pleis.de\/index.php\/wp-json\/wp\/v2\/comments?post=30"}],"version-history":[{"count":19,"href":"https:\/\/www.d-pleis.de\/index.php\/wp-json\/wp\/v2\/pages\/30\/revisions"}],"predecessor-version":[{"id":234,"href":"https:\/\/www.d-pleis.de\/index.php\/wp-json\/wp\/v2\/pages\/30\/revisions\/234"}],"wp:attachment":[{"href":"https:\/\/www.d-pleis.de\/index.php\/wp-json\/wp\/v2\/media?parent=30"}],"curies":[{"name":"wp","href":"https:\/\/api.w.org\/{rel}","templated":true}]}}